{"id":21434,"date":"2021-11-18T14:37:24","date_gmt":"2021-11-18T13:37:24","guid":{"rendered":"https:\/\/open2europe.com\/nos-expertises-par-metier\/"},"modified":"2021-12-07T17:51:14","modified_gmt":"2021-12-07T16:51:14","slug":"nos-expertises-par-metier","status":"publish","type":"page","link":"https:\/\/staging.open2europe.com\/de\/nos-expertises-par-metier\/","title":{"rendered":"Unsere Expertisen"},"content":{"rendered":"<div class=\"et_d4_element et_pb_section et_pb_section_0  et_pb_css_mix_blend_mode et_section_regular et_block_section\" >\n\t\t\t\t\n\t\t\t\t\n\t\t\t\t\n\t\t\t\t\n\t\t\t\t\n\t\t\t\t\n\t\t\t\t<div class=\"et_d4_element et_pb_row et_pb_row_0  et_pb_css_mix_blend_mode et_block_row\">\n\t\t\t\t<div class=\"et_d4_element et_pb_column_4_4 et_pb_column et_pb_column_0  et_pb_css_mix_blend_mode et-last-child et_block_column\">\n\t\t\t\t\n\t\t\t\t\n\t\t\t\t\n\t\t\t\t\n\t\t\t\t<div class=\"et_pb_module et_d4_element et_pb_text et_pb_text_0  et_pb_text_align_left et_pb_bg_layout_light\">\n\t\t\t\t\n\t\t\t\t\n\t\t\t\t\n\t\t\t\t\n\t\t\t\t<div class=\"et_pb_text_inner\"><p>Die Presseagentur Open2Europe baut derzeit auf 5 Kompetenzbereichen auf. Diese k\u00f6nnen auch gemeinsam genutzt werden, um die Kommunikation und somit die Botschaften zu verbessern und dazu beitragen, alle gew\u00fcnschten Ziele zu erreichen.<\/p>\n<p>Open2Europe ist eine Agentur f\u00fcr Pressearbeit, aber gleichzeitig auch eine Influencer-Agentur mit ihrer Filiale <a href=\"https:\/\/open2influence.com\/\" target=\"_blank\" rel=\"noopener\">Open2Influence <\/a>sowie eine Agentur f\u00fcr digitale Kommunikation und Community Management mit ihrer Filiale <a href=\"https:\/\/open2digital.com\/\" target=\"_blank\" rel=\"noopener\">Open2Digital<\/a>.<\/p>\n<p>Open2Europe bietet auch eine st\u00e4ndige \u00dcberwachung und Produktion von Inhalten f\u00fcr Marken an, um eine 360\u00b0-Kommunikation zu erm\u00f6glichen.<\/p><\/div>\n\t\t\t<\/div>\n\t\t\t<\/div>\n\t\t\t\t\n\t\t\t\t\n\t\t\t\t\n\t\t\t\t\n\t\t\t<\/div>\n\t\t\t\t\n\t\t\t\t\n\t\t\t<\/div>\n","protected":false},"excerpt":{"rendered":"<p><a href=\"https:\/\/staging.open2europe.com\/agence-de-relations-presse\/\">Pressearbeit<\/a><br \/>\n<a href=\"https:\/\/staging.open2europe.com\/agence-de-brand-management\/\">Brand Management<\/a><br \/>\n<a href=\"https:\/\/staging.open2europe.com\/agence-digital\/\">Digital<\/a><br \/>\n<a href=\"https:\/\/staging.open2europe.com\/agence-content\/\">Inhalt<\/a><br \/>\n<a href=\"https:\/\/staging.open2europe.com\/agence-influence\/\">Influence<\/a><\/p>\n","protected":false},"author":1,"featured_media":0,"parent":0,"menu_order":0,"comment_status":"closed","ping_status":"closed","template":"","meta":{"_et_pb_use_builder":"off","_et_pb_old_content":"","_et_gb_content_width":"","footnotes":""},"class_list":["post-21434","page","type-page","status-publish","hentry"],"_links":{"self":[{"href":"https:\/\/staging.open2europe.com\/de\/wp-json\/wp\/v2\/pages\/21434","targetHints":{"allow":["GET"]}}],"collection":[{"href":"https:\/\/staging.open2europe.com\/de\/wp-json\/wp\/v2\/pages"}],"about":[{"href":"https:\/\/staging.open2europe.com\/de\/wp-json\/wp\/v2\/types\/page"}],"author":[{"embeddable":true,"href":"https:\/\/staging.open2europe.com\/de\/wp-json\/wp\/v2\/users\/1"}],"replies":[{"embeddable":true,"href":"https:\/\/staging.open2europe.com\/de\/wp-json\/wp\/v2\/comments?post=21434"}],"version-history":[{"count":22,"href":"https:\/\/staging.open2europe.com\/de\/wp-json\/wp\/v2\/pages\/21434\/revisions"}],"predecessor-version":[{"id":22430,"href":"https:\/\/staging.open2europe.com\/de\/wp-json\/wp\/v2\/pages\/21434\/revisions\/22430"}],"wp:attachment":[{"href":"https:\/\/staging.open2europe.com\/de\/wp-json\/wp\/v2\/media?parent=21434"}],"curies":[{"name":"wp","href":"https:\/\/api.w.org\/{rel}","templated":true}]}}