{"id":21478,"date":"2021-11-18T14:49:10","date_gmt":"2021-11-18T13:49:10","guid":{"rendered":"https:\/\/open2europe.com\/kontakt\/"},"modified":"2026-01-20T13:32:51","modified_gmt":"2026-01-20T12:32:51","slug":"kontakt","status":"publish","type":"page","link":"https:\/\/staging.open2europe.com\/de\/kontakt\/","title":{"rendered":"Kontakt"},"content":{"rendered":"<div class=\"et_pb_section_0 et_pb_section et_section_regular et_block_section\"><div class=\"et_pb_row_0 et_pb_row et_block_row\"><div class=\"et_pb_column_0 et_pb_column et_pb_column_3_5 et_block_column et_pb_css_mix_blend_mode_passthrough\"><div class=\"et_pb_text_0 et_pb_text et_pb_bg_layout_light et_pb_module et_block_module\"><div class=\"et_pb_text_inner\"><p>[hubspot type=\"form\" portal=4565208 id=\"255fd9b0-db8c-4670-99ba-764edc267fec\"]<\/p>\n<\/div><\/div><\/div><div class=\"et_pb_column_1 et_pb_column et_pb_column_2_5 et-last-child et_block_column et_pb_css_mix_blend_mode_passthrough\"><div class=\"et_pb_text_1 et_pb_text et_pb_bg_layout_light et_pb_module et_block_module\"><div class=\"et_pb_text_inner\"><p><strong>Mobil<\/strong><br \/><a href=\"tel:+33155021453\">+33 (0) 1 55 02 14 53<\/a><\/p>\n<p><strong>Adresse<\/strong><br \/>Open2Europe<br \/>63-65 Avenue Gabriel P\u00e9ri<br \/>92600 Asni\u00e8res-sur-Seine<br \/>Paris, Frankreich<\/p>\n<p><strong>Email<\/strong><br \/><a href=\"mailto:contact@open2europe.com\">contact@open2europe.com<\/a><\/p>\n<p><strong>Werden Sie Teil unseres Teams<\/strong><br \/>Bewerben Sie sich hier: <a href=\"mailto:oceane@open2europe.com\">oceane@open2europe.com<\/a><\/p>\n<\/div><\/div><\/div><\/div><\/div>","protected":false},"excerpt":{"rendered":"<p>Sprechen wir \u00fcber Sie!<br \/>\nHaben Sie Kommunikationsprojekte in Frankreich und\/oder auf internationaler Ebene? M\u00f6chten Sie mit den Medien in Verbindung gebracht werden, die wirklich wichtig sind? Wenn Sie Unterst\u00fctzung bei Kommunikationsfragen ben\u00f6tigen &#8211; kontaktieren Sie uns!<\/p>\n","protected":false},"author":1,"featured_media":0,"parent":0,"menu_order":0,"comment_status":"closed","ping_status":"closed","template":"","meta":{"footnotes":""},"class_list":["post-21478","page","type-page","status-publish","hentry"],"_links":{"self":[{"href":"https:\/\/staging.open2europe.com\/de\/wp-json\/wp\/v2\/pages\/21478","targetHints":{"allow":["GET"]}}],"collection":[{"href":"https:\/\/staging.open2europe.com\/de\/wp-json\/wp\/v2\/pages"}],"about":[{"href":"https:\/\/staging.open2europe.com\/de\/wp-json\/wp\/v2\/types\/page"}],"author":[{"embeddable":true,"href":"https:\/\/staging.open2europe.com\/de\/wp-json\/wp\/v2\/users\/1"}],"replies":[{"embeddable":true,"href":"https:\/\/staging.open2europe.com\/de\/wp-json\/wp\/v2\/comments?post=21478"}],"version-history":[{"count":7,"href":"https:\/\/staging.open2europe.com\/de\/wp-json\/wp\/v2\/pages\/21478\/revisions"}],"predecessor-version":[{"id":23638,"href":"https:\/\/staging.open2europe.com\/de\/wp-json\/wp\/v2\/pages\/21478\/revisions\/23638"}],"wp:attachment":[{"href":"https:\/\/staging.open2europe.com\/de\/wp-json\/wp\/v2\/media?parent=21478"}],"curies":[{"name":"wp","href":"https:\/\/api.w.org\/{rel}","templated":true}]}}