{"id":20530,"date":"2021-09-13T12:05:18","date_gmt":"2021-09-13T10:05:18","guid":{"rendered":"https:\/\/open2europe.com\/agencia-de-brand-management\/"},"modified":"2021-12-14T10:58:17","modified_gmt":"2021-12-14T09:58:17","slug":"agencia-de-brand-management","status":"publish","type":"page","link":"https:\/\/staging.open2europe.com\/es\/agencia-de-brand-management\/","title":{"rendered":"Agencia de Brand Management"},"content":{"rendered":"<div class=\"et_d4_element et_pb_section et_pb_section_0  et_pb_css_mix_blend_mode et_section_regular et_block_section\" >\n\t\t\t\t\n\t\t\t\t\n\t\t\t\t\n\t\t\t\t\n\t\t\t\t\n\t\t\t\t\n\t\t\t\t<div class=\"et_d4_element et_pb_row et_pb_row_0  et_pb_css_mix_blend_mode et_block_row\">\n\t\t\t\t<div class=\"et_d4_element et_pb_column_4_4 et_pb_column et_pb_column_0  et_pb_css_mix_blend_mode et-last-child et_block_column\">\n\t\t\t\t\n\t\t\t\t\n\t\t\t\t\n\t\t\t\t\n\t\t\t\t<div class=\"et_pb_module et_d4_element et_pb_text et_pb_text_0  et_pb_text_align_left et_pb_bg_layout_light\">\n\t\t\t\t\n\t\t\t\t\n\t\t\t\t\n\t\t\t\t\n\t\t\t\t<div class=\"et_pb_text_inner\">En nuestra agencia de brand management, nuestros equipos de expertos multiespecialistas le asesoran en la definici\u00f3n de su estrategia de contenidos con un enfoque multicanal (prensa y digital) e internacional.<\/p>\n<p>Le escuchar\u00e1n, le entender\u00e1n y analizar\u00e1n su realidad de mercado, es decir, todos los elementos que le diferencian, de forma sostenible, de sus competidores, para generar un contenido adecuado que inculque su identidad y cree una relaci\u00f3n fuerte y durable con sus audiencias.<\/p>\n<p>Producimos todos sus contenidos, en todos los formatos: texto, v\u00eddeo, publicaci\u00f3n, p\u00e1gina web, infograf\u00eda y redes sociales.<\/p>\n<p>Open2Europe tambi\u00e9n le ayuda en la creaci\u00f3n de su blog. El blog es un medio eficaz para enriquecer y actualizar el contenido de su p\u00e1gina, mejorar su referenciaci\u00f3n natural y desarrollar su reputaci\u00f3n electr\u00f3nica. Creando sus propios medios, se convierte en una persona influyente en su mercado.<\/div>\n\t\t\t<\/div>\n\t\t\t<\/div>\n\t\t\t\t\n\t\t\t\t\n\t\t\t\t\n\t\t\t\t\n\t\t\t<\/div>\n\t\t\t\t\n\t\t\t\t\n\t\t\t<\/div>\n","protected":false},"excerpt":{"rendered":"<p>En nuestra agencia de brand management crear un contenido de calidad es un paso clave en su estrategia de comunicaci\u00f3n para destacar en su mercado, llegar a sus audiencias (periodistas, internautas, clientes, etc.), crear compromiso y optimizar su referenciaci\u00f3n en buscadores.<\/p>\n","protected":false},"author":1,"featured_media":0,"parent":0,"menu_order":0,"comment_status":"closed","ping_status":"closed","template":"","meta":{"_et_pb_use_builder":"off","_et_pb_old_content":"","_et_gb_content_width":"","footnotes":""},"class_list":["post-20530","page","type-page","status-publish","hentry"],"_links":{"self":[{"href":"https:\/\/staging.open2europe.com\/es\/wp-json\/wp\/v2\/pages\/20530","targetHints":{"allow":["GET"]}}],"collection":[{"href":"https:\/\/staging.open2europe.com\/es\/wp-json\/wp\/v2\/pages"}],"about":[{"href":"https:\/\/staging.open2europe.com\/es\/wp-json\/wp\/v2\/types\/page"}],"author":[{"embeddable":true,"href":"https:\/\/staging.open2europe.com\/es\/wp-json\/wp\/v2\/users\/1"}],"replies":[{"embeddable":true,"href":"https:\/\/staging.open2europe.com\/es\/wp-json\/wp\/v2\/comments?post=20530"}],"version-history":[{"count":9,"href":"https:\/\/staging.open2europe.com\/es\/wp-json\/wp\/v2\/pages\/20530\/revisions"}],"predecessor-version":[{"id":23340,"href":"https:\/\/staging.open2europe.com\/es\/wp-json\/wp\/v2\/pages\/20530\/revisions\/23340"}],"wp:attachment":[{"href":"https:\/\/staging.open2europe.com\/es\/wp-json\/wp\/v2\/media?parent=20530"}],"curies":[{"name":"wp","href":"https:\/\/api.w.org\/{rel}","templated":true}]}}