{"id":20557,"date":"2021-09-13T14:26:00","date_gmt":"2021-09-13T12:26:00","guid":{"rendered":"https:\/\/open2europe.com\/agencia-de-comunicacion-digital\/"},"modified":"2022-05-09T14:58:45","modified_gmt":"2022-05-09T12:58:45","slug":"agencia-de-comunicacion-digital","status":"publish","type":"page","link":"https:\/\/staging.open2europe.com\/es\/agencia-de-comunicacion-digital\/","title":{"rendered":"Agencia de Comunicaci\u00f3n Digital"},"content":{"rendered":"<div class=\"et_d4_element et_pb_section et_pb_section_0  et_pb_css_mix_blend_mode et_section_regular et_block_section\" >\n\t\t\t\t\n\t\t\t\t\n\t\t\t\t\n\t\t\t\t\n\t\t\t\t\n\t\t\t\t\n\t\t\t\t<div class=\"et_d4_element et_pb_row et_pb_row_0  et_pb_css_mix_blend_mode et_block_row\">\n\t\t\t\t<div class=\"et_d4_element et_pb_column_4_4 et_pb_column et_pb_column_0  et_pb_css_mix_blend_mode et-last-child et_block_column\">\n\t\t\t\t\n\t\t\t\t\n\t\t\t\t\n\t\t\t\t\n\t\t\t\t<div class=\"et_pb_module et_d4_element et_pb_text et_pb_text_0  et_pb_text_align_left et_pb_bg_layout_light\">\n\t\t\t\t\n\t\t\t\t\n\t\t\t\t\n\t\t\t\t\n\t\t\t\t<div class=\"et_pb_text_inner\">En nuestra Agencia de Comunicaci\u00f3n Digital, nuestros expertos en web 2.0 le asesorar\u00e1n y acompa\u00f1ar\u00e1n en el desarrollo y despliegue de su estrategia digital en Francia y en el extranjero. Le ayudar\u00e1n a comprender la complejidad de su entorno web, a identificar los objetivos adecuados, los canales correctos y a elegir los medios adecuados para comunicarse con su comunidad en el momento oportuno. Creamos sus contenidos, dise\u00f1amos sus aplicaciones, desarrollamos su identidad digital y animamos a sus comunidades en todos sus mercados gracias a nuestros equipos digitales y multiling\u00fces.<\/div>\n\t\t\t<\/div>\n\t\t\t<\/div>\n\t\t\t\t\n\t\t\t\t\n\t\t\t\t\n\t\t\t\t\n\t\t\t<\/div>\n\t\t\t\t\n\t\t\t\t\n\t\t\t<\/div>\n","protected":false},"excerpt":{"rendered":"<p>Desde la consultor\u00eda hasta el desarrollo en nuestra Agencia de Comunicaci\u00f3n Digital, desde la creaci\u00f3n de contenidos hasta el aumento del tr\u00e1fico, desde la captaci\u00f3n de comunidades hasta la tasa de compromiso, Open2Digital, agencia 100% web y filial de Open2Europe, le ofrece soluciones a medida para impulsar su presencia online en todos sus mercados.<\/p>\n","protected":false},"author":1,"featured_media":0,"parent":0,"menu_order":0,"comment_status":"closed","ping_status":"closed","template":"","meta":{"_et_pb_use_builder":"off","_et_pb_old_content":"","_et_gb_content_width":"","footnotes":""},"class_list":["post-20557","page","type-page","status-publish","hentry"],"_links":{"self":[{"href":"https:\/\/staging.open2europe.com\/es\/wp-json\/wp\/v2\/pages\/20557","targetHints":{"allow":["GET"]}}],"collection":[{"href":"https:\/\/staging.open2europe.com\/es\/wp-json\/wp\/v2\/pages"}],"about":[{"href":"https:\/\/staging.open2europe.com\/es\/wp-json\/wp\/v2\/types\/page"}],"author":[{"embeddable":true,"href":"https:\/\/staging.open2europe.com\/es\/wp-json\/wp\/v2\/users\/1"}],"replies":[{"embeddable":true,"href":"https:\/\/staging.open2europe.com\/es\/wp-json\/wp\/v2\/comments?post=20557"}],"version-history":[{"count":27,"href":"https:\/\/staging.open2europe.com\/es\/wp-json\/wp\/v2\/pages\/20557\/revisions"}],"predecessor-version":[{"id":23921,"href":"https:\/\/staging.open2europe.com\/es\/wp-json\/wp\/v2\/pages\/20557\/revisions\/23921"}],"wp:attachment":[{"href":"https:\/\/staging.open2europe.com\/es\/wp-json\/wp\/v2\/media?parent=20557"}],"curies":[{"name":"wp","href":"https:\/\/api.w.org\/{rel}","templated":true}]}}