{"id":21043,"date":"2021-10-06T16:26:33","date_gmt":"2021-10-06T14:26:33","guid":{"rendered":"https:\/\/open2europe.com\/agencia-de-relaciones-con-la-prensa-corporativa\/"},"modified":"2025-03-26T15:33:06","modified_gmt":"2025-03-26T14:33:06","slug":"agencia-de-relaciones-con-la-prensa-corporativa","status":"publish","type":"page","link":"https:\/\/staging.open2europe.com\/es\/agencia-de-relaciones-con-la-prensa-corporativa\/","title":{"rendered":"Agencia de Relaciones con la Prensa Corporativa"},"content":{"rendered":"\n<p>\u00a0Las relaciones con la prensa de las empresas requieren unos conocimientos espec\u00edficos que nuestro equipo de consultores especializados de la Agencia de Relaciones P\u00fablicas <a href=\"https:\/\/staging.open2europe.com\/es\/\" title=\"Open2Europe\">Open2Europe<\/a> lleva practicando desde hace varios a\u00f1os<\/p>\n\n\n\n<p>La comunicaci\u00f3n de la empresa debe incluir necesariamente una estrategia que le permita llegar a sus distintos p\u00fablicos. La reputaci\u00f3n de la empresa est\u00e1 en juego en todos los niveles del panorama medi\u00e1tico y debe reflejarse en toda su organizaci\u00f3n (recursos humanos, ventas, producci\u00f3n, finanzas, etc.)<\/p>\n\n\n\n<p>Capaz de entender su entorno, sus retos y sus problemas, nuestro equipo de expertos en relaciones p\u00fablicas corporativas sabr\u00e1 organizar un discurso impactante para llegar a todas sus partes influyentes interesadas (clientes, empleados, socios estrat\u00e9gicos, autoridades p\u00fablicas y l\u00edderes de opini\u00f3n, etc.), y establecer la identidad y los valores de su organizaci\u00f3n a largo plazo.<\/p>\n\n\n\n<p>Tanto si se trata de una empresa joven con un fuerte potencial de crecimiento, de un gran grupo o una instituci\u00f3n, nuestros expertos en comunicaci\u00f3n corporativa o institucional le ayudar\u00e1n a definir su estrategia de relaciones con los medios de comunicaci\u00f3n para alcanzar sus objetivos de imagen y reputaci\u00f3n: demostrar su raz\u00f3n de ser y reforzar su legitimidad en su mercado, apoyar su desarrollo y situarle entre los principales actores del mercado, reforzar su marca de empleador para reclutar y atraer nuevos talentos, gestionar su comunicaci\u00f3n de crisis, etc.<\/p>\n\n\n\n<p>Nuestros equipos trabajan con todos los influenciadores: los medios de comunicaci\u00f3n (on y offline \/ escritos y audiovisuales) de la prensa profesional y sectorial, econ\u00f3mica y financiera, corporativa y empresarial, etc.<\/p>\n\n\n\n<p>Sabremos c\u00f3mo asesorarle y apoyarle en la producci\u00f3n de contenidos (opini\u00f3n de expertos, columna de opini\u00f3n, libro blanco, etc.), en la cobertura medi\u00e1tica de sus novedades (resultados e informe anual, nueva estrategia de desarrollo, innovaci\u00f3n, asociaci\u00f3n, etc.), en la organizaci\u00f3n de eventos (conferencias de prensa, desayunos, almuerzos o sesiones informativas para la prensa, mesas redondas, etc.), y en la intervenci\u00f3n ante los medios de comunicaci\u00f3n (reuniones o entrevistas informales, audiovisuales \/ en directo o en diferido, conferencias de prensa o mesas redondas).<\/p>\n\n\n\n<p>El reto es crear una relaci\u00f3n de confianza duradera con los periodistas\/influenciadores, y posicionarse como fuente de informaci\u00f3n, l\u00edder de opini\u00f3n y referencia en su mercado.<\/p>\n\n\n\n<p>Gracias a nuestros equipos internacionales, podemos transmitir su mensaje a los mercados en los que est\u00e1 presente.<\/p>\n\n\n\n<p>Adem\u00e1s, el equipo de nuestra agencia digital <a href=\"https:\/\/open2digital.com\/\" target=\"_blank\" rel=\"noopener\">Open2Digital<\/a> sabr\u00e1 asesorarle en la definici\u00f3n e implementaci\u00f3n operativa de su estrategia de influencia a trav\u00e9s de las redes sociales: Twitter, LinkedIn, etc.<\/p>\n\n\n\n<p><\/p>\n","protected":false},"excerpt":{"rendered":"<p>Las relaciones con la prensa de las empresas requieren unos conocimientos espec\u00edficos que nuestro equipo de consultores especializados de la Agencia de Relaciones P\u00fablicas Open2Europe lleva practicando desde hace varios a\u00f1os<\/p>\n","protected":false},"author":1,"featured_media":0,"parent":0,"menu_order":0,"comment_status":"closed","ping_status":"closed","template":"","meta":{"footnotes":""},"class_list":["post-21043","page","type-page","status-publish","hentry"],"_links":{"self":[{"href":"https:\/\/staging.open2europe.com\/es\/wp-json\/wp\/v2\/pages\/21043","targetHints":{"allow":["GET"]}}],"collection":[{"href":"https:\/\/staging.open2europe.com\/es\/wp-json\/wp\/v2\/pages"}],"about":[{"href":"https:\/\/staging.open2europe.com\/es\/wp-json\/wp\/v2\/types\/page"}],"author":[{"embeddable":true,"href":"https:\/\/staging.open2europe.com\/es\/wp-json\/wp\/v2\/users\/1"}],"replies":[{"embeddable":true,"href":"https:\/\/staging.open2europe.com\/es\/wp-json\/wp\/v2\/comments?post=21043"}],"version-history":[{"count":9,"href":"https:\/\/staging.open2europe.com\/es\/wp-json\/wp\/v2\/pages\/21043\/revisions"}],"predecessor-version":[{"id":30001,"href":"https:\/\/staging.open2europe.com\/es\/wp-json\/wp\/v2\/pages\/21043\/revisions\/30001"}],"wp:attachment":[{"href":"https:\/\/staging.open2europe.com\/es\/wp-json\/wp\/v2\/media?parent=21043"}],"curies":[{"name":"wp","href":"https:\/\/api.w.org\/{rel}","templated":true}]}}