{"id":21084,"date":"2021-10-07T10:53:22","date_gmt":"2021-10-07T08:53:22","guid":{"rendered":"https:\/\/open2europe.com\/agencia-de-relaciones-con-la-prensa-salud-deporte-bienestar\/"},"modified":"2025-07-29T14:57:45","modified_gmt":"2025-07-29T12:57:45","slug":"agencia-de-relaciones-con-la-prensa-salud-deporte-bienestar","status":"publish","type":"page","link":"https:\/\/staging.open2europe.com\/es\/agencia-de-relaciones-con-la-prensa-salud-deporte-bienestar\/","title":{"rendered":"Agencia de comunicaci\u00f3n y relaciones p\u00fablicas Salud, Deporte y Bienestar"},"content":{"rendered":"\n<p> Los consultores de nuestro \u00e1rea de especializaci\u00f3n en Salud, Deporte y Bienestar son verdaderos apasionados. Su perfecto conocimiento del sector y de sus desaf\u00edos les permite promover las marcas, laboratorios, ense\u00f1as, innovaciones y nuevos productos en la prensa generalista, femenina, masculina, de estilo de vida, deporte, salud, nutrici\u00f3n, bienestar, etc., pero tambi\u00e9n en la prensa econ\u00f3mica, profesional y especializada. <\/p>\n\n<p>Ya se trate de gimnasios y fitness, centros de acondicionamiento f\u00edsico, espacios de bienestar, material deportivo, textiles t\u00e9cnicos, accesorios conectados, nutrici\u00f3n saludable o suplementos alimenticios, cuidados est\u00e9ticos o equipos m\u00e9dicos, nuestros expertos en relaciones p\u00fablicas del sector salud se esforzar\u00e1n por posicionar su marca en el centro de la tendencia.<\/p>\n\n<p>Nuestros responsables de prensa le acompa\u00f1an en el lanzamiento de sus nuevos productos o la inauguraci\u00f3n de sus nuevas ubicaciones, organizan visitas a sus centros o showrooms, env\u00edan muestras por mensajer\u00eda, ofrecen pruebas o demostraciones y promocionan su presencia en las principales ferias profesionales y de p\u00fablico general del sector: Run Experience, Body Fitness, Mountain Planet, Nautic en Seine, Mieux Vivre Expo, NutrEvent, Pharmagora Plus, SantExpo, HealthTech, etc.<\/p>\n\n<p>Nuestros equipos tambi\u00e9n pueden, durante las jornadas de Speed Shopping organizadas por la agencia, invitar a periodistas e influencers clave a descubrir y probar, durante un d\u00eda, sus productos, soluciones, actividades y equipos.<\/p>\n\n<p>Y para ir m\u00e1s all\u00e1, nuestros expertos de <a href=\"https:\/\/open2digital.com\/\" target=\"_blank\" rel=\"noopener\" title=\"\">Open2Digital <\/a>y <a href=\"https:\/\/open2influence.com\/\" target=\"_blank\" rel=\"noopener\" title=\"\">Open2Influence<\/a> est\u00e1n en condiciones de acompa\u00f1arle en su comunicaci\u00f3n digital y en su estrategia de influencia.<\/p>\n\n<div class=\"wp-block-cb-carousel-v2 cb-carousel-block\" data-cb-slides-per-view=\"1\" data-cb-slides-per-group=\"1\" data-cb-space-between=\"50\" data-cb-speed=\"800\" data-cb-navigation=\"true\" data-cb-pagination=\"true\" data-cb-loop=\"true\" data-cb-autoplay=\"true\" data-cb-autoplay-speed=\"3000\" data-cb-breakpoints=\"{&quot;768&quot;:{&quot;slidesPerView&quot;:3,&quot;slidesPerGroup&quot;:1}}\"><div class=\"swiper\"><div class=\"cb-wrapper swiper-wrapper\">\n<div class=\"wp-block-cb-slide-v2 cb-slide swiper-slide\">\n<figure class=\"wp-block-image size-full\"><img loading=\"lazy\" decoding=\"async\" width=\"1000\" height=\"1000\" src=\"https:\/\/staging.open2europe.com\/wp-content\/uploads\/2025\/07\/FitnessPark.png\" alt=\"\" class=\"wp-image-30830\" srcset=\"https:\/\/staging.open2europe.com\/wp-content\/uploads\/2025\/07\/FitnessPark.png 1000w, https:\/\/staging.open2europe.com\/wp-content\/uploads\/2025\/07\/FitnessPark-980x980.png 980w, https:\/\/staging.open2europe.com\/wp-content\/uploads\/2025\/07\/FitnessPark-480x480.png 480w\" sizes=\"(min-width: 0px) and (max-width: 480px) 480px, (min-width: 481px) and (max-width: 980px) 980px, (min-width: 981px) 1000px, 100vw\" \/><\/figure>\n<\/div>\n\n\n\n<div class=\"wp-block-cb-slide-v2 cb-slide swiper-slide\">\n<figure class=\"wp-block-image size-full\"><img loading=\"lazy\" decoding=\"async\" width=\"1000\" height=\"1000\" src=\"https:\/\/staging.open2europe.com\/wp-content\/uploads\/2025\/07\/Bluetens.png\" alt=\"\" class=\"wp-image-30820\" srcset=\"https:\/\/staging.open2europe.com\/wp-content\/uploads\/2025\/07\/Bluetens.png 1000w, https:\/\/staging.open2europe.com\/wp-content\/uploads\/2025\/07\/Bluetens-980x980.png 980w, https:\/\/staging.open2europe.com\/wp-content\/uploads\/2025\/07\/Bluetens-480x480.png 480w\" sizes=\"(min-width: 0px) and (max-width: 480px) 480px, (min-width: 481px) and (max-width: 980px) 980px, (min-width: 981px) 1000px, 100vw\" \/><\/figure>\n<\/div>\n\n\n\n<div class=\"wp-block-cb-slide-v2 cb-slide swiper-slide\">\n<figure class=\"wp-block-image size-full\"><img loading=\"lazy\" decoding=\"async\" width=\"1000\" height=\"1000\" src=\"https:\/\/staging.open2europe.com\/wp-content\/uploads\/2025\/07\/EAFit.png\" alt=\"\" class=\"wp-image-30826\" srcset=\"https:\/\/staging.open2europe.com\/wp-content\/uploads\/2025\/07\/EAFit.png 1000w, https:\/\/staging.open2europe.com\/wp-content\/uploads\/2025\/07\/EAFit-980x980.png 980w, https:\/\/staging.open2europe.com\/wp-content\/uploads\/2025\/07\/EAFit-480x480.png 480w\" sizes=\"(min-width: 0px) and (max-width: 480px) 480px, (min-width: 481px) and (max-width: 980px) 980px, (min-width: 981px) 1000px, 100vw\" \/><\/figure>\n<\/div>\n\n\n\n<div class=\"wp-block-cb-slide-v2 cb-slide swiper-slide\">\n<figure class=\"wp-block-image size-full\"><img loading=\"lazy\" decoding=\"async\" width=\"1000\" height=\"1000\" src=\"https:\/\/staging.open2europe.com\/wp-content\/uploads\/2025\/07\/BewellConnect.png\" alt=\"\" class=\"wp-image-30818\" srcset=\"https:\/\/staging.open2europe.com\/wp-content\/uploads\/2025\/07\/BewellConnect.png 1000w, https:\/\/staging.open2europe.com\/wp-content\/uploads\/2025\/07\/BewellConnect-980x980.png 980w, https:\/\/staging.open2europe.com\/wp-content\/uploads\/2025\/07\/BewellConnect-480x480.png 480w\" sizes=\"(min-width: 0px) and (max-width: 480px) 480px, (min-width: 481px) and (max-width: 980px) 980px, (min-width: 981px) 1000px, 100vw\" \/><\/figure>\n<\/div>\n\n\n\n<div class=\"wp-block-cb-slide-v2 cb-slide swiper-slide\">\n<figure class=\"wp-block-image size-full\"><img loading=\"lazy\" decoding=\"async\" width=\"1000\" height=\"1000\" src=\"https:\/\/staging.open2europe.com\/wp-content\/uploads\/2025\/07\/LPG.png\" alt=\"\" class=\"wp-image-30834\" srcset=\"https:\/\/staging.open2europe.com\/wp-content\/uploads\/2025\/07\/LPG.png 1000w, https:\/\/staging.open2europe.com\/wp-content\/uploads\/2025\/07\/LPG-980x980.png 980w, https:\/\/staging.open2europe.com\/wp-content\/uploads\/2025\/07\/LPG-480x480.png 480w\" sizes=\"(min-width: 0px) and (max-width: 480px) 480px, (min-width: 481px) and (max-width: 980px) 980px, (min-width: 981px) 1000px, 100vw\" \/><\/figure>\n<\/div>\n\n\n\n<div class=\"wp-block-cb-slide-v2 cb-slide swiper-slide\">\n<figure class=\"wp-block-image size-full\"><img loading=\"lazy\" decoding=\"async\" width=\"1000\" height=\"1000\" src=\"https:\/\/staging.open2europe.com\/wp-content\/uploads\/2025\/07\/MihaBodyTech.png\" alt=\"\" class=\"wp-image-30838\" srcset=\"https:\/\/staging.open2europe.com\/wp-content\/uploads\/2025\/07\/MihaBodyTech.png 1000w, https:\/\/staging.open2europe.com\/wp-content\/uploads\/2025\/07\/MihaBodyTech-980x980.png 980w, https:\/\/staging.open2europe.com\/wp-content\/uploads\/2025\/07\/MihaBodyTech-480x480.png 480w\" sizes=\"(min-width: 0px) and (max-width: 480px) 480px, (min-width: 481px) and (max-width: 980px) 980px, (min-width: 981px) 1000px, 100vw\" \/><\/figure>\n<\/div>\n<\/div><\/div><div class=\"cb-pagination swiper-pagination\"><\/div><div class=\"cb-button-prev swiper-button-prev\"><\/div><div class=\"cb-button-next swiper-button-next\"><\/div><\/div>\n","protected":false},"excerpt":{"rendered":"<p>Los consultores de nuestro \u00e1rea de especializaci\u00f3n en Salud, Deporte y Bienestar son verdaderos apasionados. Su perfecto conocimiento del sector y de sus desaf\u00edos les permite promover las marcas, laboratorios, ense\u00f1as, innovaciones y nuevos productos en la prensa generalista, femenina, masculina, de estilo de vida, deporte, salud, nutrici\u00f3n, bienestar, etc., pero tambi\u00e9n en la prensa econ\u00f3mica, profesional y especializada. <\/p>\n","protected":false},"author":1,"featured_media":0,"parent":0,"menu_order":0,"comment_status":"closed","ping_status":"closed","template":"","meta":{"footnotes":""},"class_list":["post-21084","page","type-page","status-publish","hentry"],"_links":{"self":[{"href":"https:\/\/staging.open2europe.com\/es\/wp-json\/wp\/v2\/pages\/21084","targetHints":{"allow":["GET"]}}],"collection":[{"href":"https:\/\/staging.open2europe.com\/es\/wp-json\/wp\/v2\/pages"}],"about":[{"href":"https:\/\/staging.open2europe.com\/es\/wp-json\/wp\/v2\/types\/page"}],"author":[{"embeddable":true,"href":"https:\/\/staging.open2europe.com\/es\/wp-json\/wp\/v2\/users\/1"}],"replies":[{"embeddable":true,"href":"https:\/\/staging.open2europe.com\/es\/wp-json\/wp\/v2\/comments?post=21084"}],"version-history":[{"count":11,"href":"https:\/\/staging.open2europe.com\/es\/wp-json\/wp\/v2\/pages\/21084\/revisions"}],"predecessor-version":[{"id":31170,"href":"https:\/\/staging.open2europe.com\/es\/wp-json\/wp\/v2\/pages\/21084\/revisions\/31170"}],"wp:attachment":[{"href":"https:\/\/staging.open2europe.com\/es\/wp-json\/wp\/v2\/media?parent=21084"}],"curies":[{"name":"wp","href":"https:\/\/api.w.org\/{rel}","templated":true}]}}