{"id":21162,"date":"2021-10-07T17:58:24","date_gmt":"2021-10-07T15:58:24","guid":{"rendered":"https:\/\/open2europe.com\/agencia-de-relaciones-con-la-prensa-bienes-de-consumo\/"},"modified":"2025-03-27T14:12:18","modified_gmt":"2025-03-27T13:12:18","slug":"agencia-de-relaciones-con-la-prensa-bienes-de-consumo","status":"publish","type":"page","link":"https:\/\/staging.open2europe.com\/es\/agencia-de-relaciones-con-la-prensa-bienes-de-consumo\/","title":{"rendered":"Agencia de Relaciones con la Prensa Bienes de Consumo"},"content":{"rendered":"\n<p><a href=\"https:\/\/staging.open2europe.com\/es\/\" title=\"Open2Europe\">\u00a0Open2Europe<\/a> es una agencia de relaciones p\u00fablicas especializada en las relaciones con bienes de consumo desde hace 20 a\u00f1os<\/p>\n\n\n\n<p>Productos o servicios, electrodom\u00e9sticos, equipos o accesorios para el hogar, muebles y arte de la mesa, el equipo de relaciones con la prensa, experto en el sector de bienes de consumo, desarrolla estrategias de relaciones prensa que forman parte de un plan de comunicaci\u00f3n global o mediante dispositivos a medida.<\/p>\n\n\n\n<p>\u00bfEl objetivo? Promover productos, marcas y empresas (start-ups, empresas independientes, distribuidores) activando los mandos de relaciones p\u00fablicas que despertar\u00e1n el inter\u00e9s de los medios de comunicaci\u00f3n atualmente muy solicitados.<\/p>\n\n\n\n<p>\u00bfNuestro objetivo? La prensa especializada (mercado y distribuci\u00f3n), la prensa del p\u00fablico en general (decoraci\u00f3n, hogar, mujer, hombre, consumo general, estilo de vida, familia, etc.) pero tambi\u00e9n los influencers de decoraci\u00f3n\/hogar\/estilo de vida cuentan con el apoyo de nuestra agencia de influencia <a href=\"https:\/\/open2influence.com\/\" target=\"_blank\" rel=\"noopener\">Open2Influence<\/a>.<\/p>\n\n\n\n<p>Para ello, nuestros responsables de prensa desarrollan una serie de herramientas (comunicados de prensa, teasers, opiniones de expertos, \"sab\u00edas\", etc.) y organizan eventos para la prensa y las personas influyentes (viajes de prensa, conferencias de prensa, desayunos de prensa, mesas redondas, etc.).<\/p>\n\n\n\n<p>Nuestro equipo tambi\u00e9n le acompa\u00f1a a todos los eventos relacionados con los sectores del estilo de vida, la decoraci\u00f3n y el mobiliario, como la Feria de Par\u00eds, Maison &amp; Objet de Par\u00eds o la IFA de Berl\u00edn.<\/p>\n\n\n\n<p>Para el acompa\u00f1amiento internacional, el equipo se apoya en nuestros consultores europeos de Open2Europe y en sus filiales extranjeras: <a href=\"https:\/\/open2china.com\/\" target=\"_blank\" rel=\"noopener\">Open2China<\/a>, <a href=\"https:\/\/open2america.com\/\" target=\"_blank\" rel=\"noopener\">Open2America<\/a> y Open2Africa.<\/p>\n\n\n\n<p>Para enriquecer su campa\u00f1a de relaciones p\u00fablicas, nuestro equipo de Open2Digital tambi\u00e9n sabr\u00e1 asesorarle en la definici\u00f3n e implementaci\u00f3n operativa de su estrategia de influencia y de community management a trav\u00e9s de las redes sociales: Facebook, Pinterest, Instagram, Twitter, etc.<\/p>\n\n\n\n<p><\/p>\n","protected":false},"excerpt":{"rendered":"<p>Open2Europe es una agencia de relaciones p\u00fablicas especializada en las relaciones con bienes de consumo desde hace 20 a\u00f1os<\/p>\n","protected":false},"author":1,"featured_media":0,"parent":0,"menu_order":0,"comment_status":"closed","ping_status":"closed","template":"","meta":{"footnotes":""},"class_list":["post-21162","page","type-page","status-publish","hentry"],"_links":{"self":[{"href":"https:\/\/staging.open2europe.com\/es\/wp-json\/wp\/v2\/pages\/21162","targetHints":{"allow":["GET"]}}],"collection":[{"href":"https:\/\/staging.open2europe.com\/es\/wp-json\/wp\/v2\/pages"}],"about":[{"href":"https:\/\/staging.open2europe.com\/es\/wp-json\/wp\/v2\/types\/page"}],"author":[{"embeddable":true,"href":"https:\/\/staging.open2europe.com\/es\/wp-json\/wp\/v2\/users\/1"}],"replies":[{"embeddable":true,"href":"https:\/\/staging.open2europe.com\/es\/wp-json\/wp\/v2\/comments?post=21162"}],"version-history":[{"count":6,"href":"https:\/\/staging.open2europe.com\/es\/wp-json\/wp\/v2\/pages\/21162\/revisions"}],"predecessor-version":[{"id":30040,"href":"https:\/\/staging.open2europe.com\/es\/wp-json\/wp\/v2\/pages\/21162\/revisions\/30040"}],"wp:attachment":[{"href":"https:\/\/staging.open2europe.com\/es\/wp-json\/wp\/v2\/media?parent=21162"}],"curies":[{"name":"wp","href":"https:\/\/api.w.org\/{rel}","templated":true}]}}