{"id":21199,"date":"2021-10-12T11:06:20","date_gmt":"2021-10-12T09:06:20","guid":{"rendered":"https:\/\/open2europe.com\/agencia-de-relaciones-con-la-prensa-seguros-finanzas\/"},"modified":"2021-10-12T11:15:33","modified_gmt":"2021-10-12T09:15:33","slug":"agencia-de-relaciones-con-la-prensa-seguros-finanzas","status":"publish","type":"page","link":"https:\/\/staging.open2europe.com\/es\/agencia-de-relaciones-con-la-prensa-seguros-finanzas\/","title":{"rendered":"Agencia de relaciones con la prensa Seguros &amp; Finanzas"},"content":{"rendered":"<div class=\"et_d4_element et_pb_section et_pb_section_0  et_pb_css_mix_blend_mode et_section_regular et_block_section\" >\n\t\t\t\t\n\t\t\t\t\n\t\t\t\t\n\t\t\t\t\n\t\t\t\t\n\t\t\t\t\n\t\t\t\t<div class=\"et_d4_element et_pb_row et_pb_row_0  et_pb_css_mix_blend_mode et_block_row\">\n\t\t\t\t<div class=\"et_d4_element et_pb_column_4_4 et_pb_column et_pb_column_0  et_pb_css_mix_blend_mode et-last-child et_block_column\">\n\t\t\t\t\n\t\t\t\t\n\t\t\t\t\n\t\t\t\t\n\t\t\t\t<div class=\"et_pb_module et_d4_element et_pb_text et_pb_text_0  et_pb_text_align_left et_pb_bg_layout_light\">\n\t\t\t\t\n\t\t\t\t\n\t\t\t\t\n\t\t\t\t\n\t\t\t\t<div class=\"et_pb_text_inner\"><p>La agencia Open2Europe acompa\u00f1a a los principales grupos bancarios, de seguros y mutuas en su estrategia de relaciones con la prensa, con el objetivo de que destaquen en sus respectivos mercados, pero tambi\u00e9n de que desarrollen su reputaci\u00f3n m\u00e1s all\u00e1 de su objetivo principal.<\/p>\n<p>Nuestro equipo adapta sus mensajes y acciones a cada uno de sus objetivos. En contacto diario con todos los medios de comunicaci\u00f3n (on\/offline, TV, radio), sabr\u00e1 posicionarle ante los actores de su mercado a trav\u00e9s de la prensa profesional y especializada, pero tambi\u00e9n de la prensa vertical y del p\u00fablico en general para sus mensajes BtoC.<\/p>\n<p>Junto con <a href=\"https:\/\/open2digital.com\/\" target=\"_blank\" rel=\"noopener\">Open2Digital<\/a>, nuestra filial dedicada al Community Management, nuestro sector tambi\u00e9n puede desplegar su estrategia de influencia en las redes sociales.<\/p>\n<p>Con nuestros consultores europeos y nuestras filiales en China, Am\u00e9rica del Norte y \u00c1frica, tambi\u00e9n disponemos de los recursos necesarios para garantizar el conocimiento y la visibilidad de su marca y sus productos en el extranjero.<\/p><\/div>\n\t\t\t<\/div>\n\t\t\t<\/div>\n\t\t\t\t\n\t\t\t\t\n\t\t\t\t\n\t\t\t\t\n\t\t\t<\/div>\n\t\t\t\t\n\t\t\t\t\n\t\t\t<\/div>\n","protected":false},"excerpt":{"rendered":"<p>La agencia de Relaciones P\u00fablicas Open2Europe cuenta con un equipo especializado en las relaciones con la prensa del sector de los Seguros y las Finanzas<\/p>\n","protected":false},"author":1,"featured_media":0,"parent":0,"menu_order":0,"comment_status":"closed","ping_status":"closed","template":"","meta":{"_et_pb_use_builder":"off","_et_pb_old_content":"","_et_gb_content_width":"","footnotes":""},"class_list":["post-21199","page","type-page","status-publish","hentry"],"_links":{"self":[{"href":"https:\/\/staging.open2europe.com\/es\/wp-json\/wp\/v2\/pages\/21199","targetHints":{"allow":["GET"]}}],"collection":[{"href":"https:\/\/staging.open2europe.com\/es\/wp-json\/wp\/v2\/pages"}],"about":[{"href":"https:\/\/staging.open2europe.com\/es\/wp-json\/wp\/v2\/types\/page"}],"author":[{"embeddable":true,"href":"https:\/\/staging.open2europe.com\/es\/wp-json\/wp\/v2\/users\/1"}],"replies":[{"embeddable":true,"href":"https:\/\/staging.open2europe.com\/es\/wp-json\/wp\/v2\/comments?post=21199"}],"version-history":[{"count":5,"href":"https:\/\/staging.open2europe.com\/es\/wp-json\/wp\/v2\/pages\/21199\/revisions"}],"predecessor-version":[{"id":21204,"href":"https:\/\/staging.open2europe.com\/es\/wp-json\/wp\/v2\/pages\/21199\/revisions\/21204"}],"wp:attachment":[{"href":"https:\/\/staging.open2europe.com\/es\/wp-json\/wp\/v2\/media?parent=21199"}],"curies":[{"name":"wp","href":"https:\/\/api.w.org\/{rel}","templated":true}]}}