{"id":22286,"date":"2021-11-23T16:07:24","date_gmt":"2021-11-23T15:07:24","guid":{"rendered":"https:\/\/open2europe.com\/agencia-de-influencia\/"},"modified":"2021-12-14T10:38:56","modified_gmt":"2021-12-14T09:38:56","slug":"agencia-de-influencia","status":"publish","type":"page","link":"https:\/\/staging.open2europe.com\/es\/agencia-de-influencia\/","title":{"rendered":"Agencia de Influencia"},"content":{"rendered":"<div class=\"et_d4_element et_pb_section et_pb_section_0  et_pb_css_mix_blend_mode et_section_regular et_block_section\" >\n\t\t\t\t\n\t\t\t\t\n\t\t\t\t\n\t\t\t\t\n\t\t\t\t\n\t\t\t\t\n\t\t\t\t<div class=\"et_d4_element et_pb_row et_pb_row_0  et_pb_css_mix_blend_mode et_block_row\">\n\t\t\t\t<div class=\"et_d4_element et_pb_column_4_4 et_pb_column et_pb_column_0  et_pb_css_mix_blend_mode et-last-child et_block_column\">\n\t\t\t\t\n\t\t\t\t\n\t\t\t\t\n\t\t\t\t\n\t\t\t\t<div class=\"et_pb_module et_d4_element et_pb_text et_pb_text_0  et_pb_text_align_left et_pb_bg_layout_light\">\n\t\t\t\t\n\t\t\t\t\n\t\t\t\t\n\t\t\t\t\n\t\t\t\t<div class=\"et_pb_text_inner\"><p>Para nuestra Agencia de Influencia: Atr\u00e1s quedaron los blogueros, hoy hablamos de influencers para nombrar a los actores que exponen sus personalidades, sus universos, sus gustos y preferencias en las redes sociales Instagram, Snapchat, Youtube o TikTok e influyen en miles o incluso millones de seguidores cada d\u00eda.<\/p>\n<p>Dentro de nuestra agencia filial <a href=\"https:\/\/open2influence.com\/\" target=\"_blank\" rel=\"noopener\">Open2Influence<\/a>, nuestros equipos franceses e internacionales colaboran con los influenciadores (estilo de vida, viajes, belleza, alta tecnolog\u00eda...) micro y macro y siguen su evoluci\u00f3n y estad\u00edsticas para garantizar la mejor estrategia para las marcas.<\/p>\n<p>Nuestro trabajo: asesorarle sobre la estrategia de influencia que debe adoptar, seleccionar a los influencers adecuados, seguirlos y movilizarlos para convertirlos en verdaderas palancas de visibilidad en las redes sociales y de negocio para su empresa.<\/p><\/div>\n\t\t\t<\/div>\n\t\t\t<\/div>\n\t\t\t\t\n\t\t\t\t\n\t\t\t\t\n\t\t\t\t\n\t\t\t<\/div>\n\t\t\t\t\n\t\t\t\t\n\t\t\t<\/div>\n","protected":false},"excerpt":{"rendered":"<p>En nuestra agencia de influencia, las redes sociales son hoy en d\u00eda plataformas de comunicaci\u00f3n indispensables y los influencers son actores clave para una estrategia fruct\u00edfera <\/p>\n","protected":false},"author":1,"featured_media":0,"parent":0,"menu_order":0,"comment_status":"closed","ping_status":"closed","template":"","meta":{"_et_pb_use_builder":"off","_et_pb_old_content":"","_et_gb_content_width":"","footnotes":""},"class_list":["post-22286","page","type-page","status-publish","hentry"],"_links":{"self":[{"href":"https:\/\/staging.open2europe.com\/es\/wp-json\/wp\/v2\/pages\/22286","targetHints":{"allow":["GET"]}}],"collection":[{"href":"https:\/\/staging.open2europe.com\/es\/wp-json\/wp\/v2\/pages"}],"about":[{"href":"https:\/\/staging.open2europe.com\/es\/wp-json\/wp\/v2\/types\/page"}],"author":[{"embeddable":true,"href":"https:\/\/staging.open2europe.com\/es\/wp-json\/wp\/v2\/users\/1"}],"replies":[{"embeddable":true,"href":"https:\/\/staging.open2europe.com\/es\/wp-json\/wp\/v2\/comments?post=22286"}],"version-history":[{"count":5,"href":"https:\/\/staging.open2europe.com\/es\/wp-json\/wp\/v2\/pages\/22286\/revisions"}],"predecessor-version":[{"id":23275,"href":"https:\/\/staging.open2europe.com\/es\/wp-json\/wp\/v2\/pages\/22286\/revisions\/23275"}],"wp:attachment":[{"href":"https:\/\/staging.open2europe.com\/es\/wp-json\/wp\/v2\/media?parent=22286"}],"curies":[{"name":"wp","href":"https:\/\/api.w.org\/{rel}","templated":true}]}}